{"id":6105,"date":"2016-08-15T08:53:37","date_gmt":"2016-08-15T08:53:37","guid":{"rendered":"http:\/\/xn--nskefrskolan-3ibf.se\/?page_id=6105"},"modified":"2022-09-05T16:41:44","modified_gmt":"2022-09-05T16:41:44","slug":"growing-mindset","status":"publish","type":"page","link":"https:\/\/xn--nskefrskolan-3ibf.se\/?page_id=6105","title":{"rendered":"Growing Mindset"},"content":{"rendered":"<p><strong>Growing Mindset p\u00e5 \u00d6nskef\u00f6rskolan<\/strong><\/p>\n<p>Vi p\u00e5 \u00d6nskef\u00f6rskolan kommer nu medvetet att arbeta med ett Growing Mindset f\u00f6r att st\u00e4rka barnen p\u00e5 f\u00f6rskolans sj\u00e4lvk\u00e4nsla, sj\u00e4lvf\u00f6rtroende och sj\u00e4lvtillit. Redan nu jobbar vi mycket med att ge barnen verktyg till att lita p\u00e5 sin egen f\u00f6rm\u00e5ga. T.ex har vi sett att v\u00e5ra \u00d6nskedagar resulterar i att barnens inflytande bidrar till \u00f6ppenhet, nyfikenhet, respekt, \u00f6kad sj\u00e4lvk\u00e4nsla, sj\u00e4lvf\u00f6rtroende och sj\u00e4lvtillit samt gl\u00e4dje och gemenskap d\u00e4r delad gl\u00e4dje \u00e4r dubbel gl\u00e4dje. Vi tror\u00a0<span class=\"text_exposed_show\">att detta kan utvecklas \u00e4nnu mer med metodiken f\u00f6rankrad i forskningen kring Growing Mindset.\u00a0<\/span><\/p>\n<div class=\"text_exposed_show\">\n<p>Vi vill nu bjuda in er f\u00f6r\u00e4ldrar och anh\u00f6riga till att ta del av metodiken, f\u00e5 inspiration och tillsammans med oss pedagoger aktivt arbeta f\u00f6r barnens utveckling. Organisationen Growing Minds h\u00e5ller just nu p\u00e5 att utveckla en gratis onlinekurs f\u00f6r f\u00f6r\u00e4ldrar och anh\u00f6riga d\u00e4r tips och \u00f6vningar kommer att erbjudas. (L\u00e4nk l\u00e4ngre ner)<\/p>\n<p>Att bli medlem och delta i onlinekursen \u00e4r sj\u00e4lvfallet inget krav fr\u00e5n oss, men vi tycker att det skulle vara oerh\u00f6rt roligt att tillsammans med er l\u00e4ra oss mer samt str\u00e4va efter att skapa sj\u00e4lvtillit hos varje barn p\u00e5 f\u00f6rskolan<\/p>\n<p>L\u00e4nk till Growing Minds hemsida:<br \/>\n<a href=\"https:\/\/growingminds.se\/se\/\" target=\"_blank\" rel=\"nofollow noopener noreferrer\">https:\/\/growingminds.se\/se\/<\/a><\/p>\n<p><strong>Growing Mindset f\u00f6r olika \u00e5ldrar:<\/strong><\/p>\n<p>Stj\u00e4rnorna 1-2 \u00e5r UPPT\u00c4CKARNA<br \/>\n<em>Fokus: \u201dJag testar\u201d- sj\u00e4lvk\u00e4nsla<\/em><br \/>\nMed v\u00e5ra stj\u00e4rnor kommer vi att jobba med uppt\u00e4ckandefasen.<br \/>\nVi testar s\u00e5dant vi inte gjort innan och uppt\u00e4cker nya roliga, sp\u00e4nnande och utvecklande fenomen omkring oss. Vi testar!<\/p>\n<p><i>Ett barn\u00a0fr\u00e5n Stj\u00e4rnorna 1 \u00e5r testar att m\u00e5la med tuschpenna. F\u00f6rst med en f\u00e4rg, sedan uppt\u00e4ckte han alla f\u00e4rger.\u00a0<\/i><img decoding=\"async\" loading=\"lazy\" class=\"alignnone wp-image-6111\" src=\"https:\/\/media.xn--nskefrskolan-3ibf.se\/2016\/08\/14012561_10210700247050464_814964692_o.jpg\" alt=\"14012561_10210700247050464_814964692_o\" width=\"590\" height=\"442\" srcset=\"https:\/\/media.xn--nskefrskolan-3ibf.se\/2016\/08\/14012561_10210700247050464_814964692_o.jpg 1334w, https:\/\/media.xn--nskefrskolan-3ibf.se\/2016\/08\/14012561_10210700247050464_814964692_o-300x225.jpg 300w, https:\/\/media.xn--nskefrskolan-3ibf.se\/2016\/08\/14012561_10210700247050464_814964692_o-768x576.jpg 768w, https:\/\/media.xn--nskefrskolan-3ibf.se\/2016\/08\/14012561_10210700247050464_814964692_o-1024x768.jpg 1024w, https:\/\/media.xn--nskefrskolan-3ibf.se\/2016\/08\/14012561_10210700247050464_814964692_o-624x468.jpg 624w\" sizes=\"(max-width: 590px) 100vw, 590px\" \/><\/p>\n<p>Solarna 2-3 \u00e5r UTFORSKARNA<br \/>\n<em>Fokus: \u201dJag kan\u201d- sj\u00e4lvf\u00f6rtroende<\/em><br \/>\nMed v\u00e5ra M\u00e5nar tar vi oss vidare fr\u00e5n uppt\u00e4ckarfasen in till utforskandet.<br \/>\nH\u00e4r har vi redan testat p\u00e5 mycket sedan tidigare, men finns det andra s\u00e4tt att g\u00f6ra det p\u00e5? Vi fokuserar h\u00e4r p\u00e5 att skapa grunden f\u00f6r ett st\u00e4rkt sj\u00e4lvf\u00f6rtroende och att lita p\u00e5 sin egen f\u00f6rm\u00e5ga. Vi utforskar!<\/p>\n<p><em>&#8221;Ett troll&#8221;\u00a0<\/em><br \/>\n<em>Barn fr\u00e5n M\u00e5narna: 2 \u00e5r hittar ett nytt s\u00e4tt att skapa en teckning och utforskade m\u00f6jligheterna med annat material.\u00a0<\/em><img decoding=\"async\" loading=\"lazy\" class=\"alignnone wp-image-6113\" src=\"https:\/\/media.xn--nskefrskolan-3ibf.se\/2016\/08\/14045406_10210700247010463_124561487_o.jpg\" alt=\"14045406_10210700247010463_124561487_o\" width=\"614\" height=\"460\" srcset=\"https:\/\/media.xn--nskefrskolan-3ibf.se\/2016\/08\/14045406_10210700247010463_124561487_o.jpg 1334w, https:\/\/media.xn--nskefrskolan-3ibf.se\/2016\/08\/14045406_10210700247010463_124561487_o-300x225.jpg 300w, https:\/\/media.xn--nskefrskolan-3ibf.se\/2016\/08\/14045406_10210700247010463_124561487_o-768x576.jpg 768w, https:\/\/media.xn--nskefrskolan-3ibf.se\/2016\/08\/14045406_10210700247010463_124561487_o-1024x768.jpg 1024w, https:\/\/media.xn--nskefrskolan-3ibf.se\/2016\/08\/14045406_10210700247010463_124561487_o-624x468.jpg 624w\" sizes=\"(max-width: 614px) 100vw, 614px\" \/><\/p>\n<p>Rakter 4-5 \u00e5r \u00c4VENTYRARNA<br \/>\n<em>Fokus: \u201dJag v\u00e5gar\u201d &#8211; sj\u00e4lvtillit<\/em><br \/>\nMed uppt\u00e4ckandet och utforskandet i ryggen, tar sig Raketerna vidare till det sista steget, \u00c4ventyrarna. Med massor av erfarenheter och kunskap v\u00e5gar vi nu prova p\u00e5 ytterligare nya utmaningar. Fokus ligger h\u00e4r p\u00e5 att v\u00e5ga misslyckas och v\u00e5ga lyckas. Vi \u00e4ventyrar!<\/p>\n<p><em>Barn fr\u00e5n skolgruppen 5 \u00e5r &#8221; Jag har skrivit saker jag kan&#8221;<br \/>\nH\u00e4r har barnet skrivit en lista p\u00e5 sina styrkor. Att r\u00e4kna, vara en bra kompis och att gunga t.ex.\u00a0<\/em><img decoding=\"async\" loading=\"lazy\" class=\"alignnone wp-image-6112\" src=\"https:\/\/media.xn--nskefrskolan-3ibf.se\/2016\/08\/14037699_10210700247090465_1001978661_o.jpg\" alt=\"14037699_10210700247090465_1001978661_o\" width=\"578\" height=\"462\" srcset=\"https:\/\/media.xn--nskefrskolan-3ibf.se\/2016\/08\/14037699_10210700247090465_1001978661_o.jpg 1334w, https:\/\/media.xn--nskefrskolan-3ibf.se\/2016\/08\/14037699_10210700247090465_1001978661_o-300x240.jpg 300w, https:\/\/media.xn--nskefrskolan-3ibf.se\/2016\/08\/14037699_10210700247090465_1001978661_o-768x615.jpg 768w, https:\/\/media.xn--nskefrskolan-3ibf.se\/2016\/08\/14037699_10210700247090465_1001978661_o-1024x820.jpg 1024w, https:\/\/media.xn--nskefrskolan-3ibf.se\/2016\/08\/14037699_10210700247090465_1001978661_o-624x500.jpg 624w\" sizes=\"(max-width: 578px) 100vw, 578px\" \/><\/p>\n<p><strong>Vi pedagoger:<\/strong><br \/>\nVi pedagoger jobbar genomg\u00e5ende med <em>v\u00e4xande ber\u00f6m<\/em>. Det inneb\u00e4r att<br \/>\nvi bekr\u00e4ftar barnens k\u00e4mpargl\u00f6d ist\u00e4llet f\u00f6r prestation. \u201dBra jobbat, se vad du kan!\u201d \u00e4r n\u00e5got barnen kommer att h\u00f6ra fr\u00e5n oss om dagarna. Vi undviker att s\u00e4ga att barnen \u00e4r \u201dduktiga\u201d eller \u201dsmarta\u201d d\u00e5 detta enligt forskning kan utvecklas till stress och prestations\u00e5ngest. \u00d6nskef\u00f6rskolans vision \u00e4r att allts\u00e5 att genom ett Growing Mindset skapa sj\u00e4lvk\u00e4nsla, sj\u00e4lvf\u00f6rtroende och sj\u00e4lvtillit hos varje barn<\/p>\n<p>Varma h\u00e4lsningar<br \/>\n\u00d6nskef\u00f6rskolan<\/p>\n<\/div>\n","protected":false},"excerpt":{"rendered":"<p>Growing Mindset p\u00e5 \u00d6nskef\u00f6rskolan Vi p\u00e5 \u00d6nskef\u00f6rskolan kommer nu medvetet att arbeta med ett Growing Mindset f\u00f6r att st\u00e4rka barnen p\u00e5 f\u00f6rskolans sj\u00e4lvk\u00e4nsla, sj\u00e4lvf\u00f6rtroende och sj\u00e4lvtillit. Redan nu jobbar vi mycket med att ge barnen verktyg till att lita p\u00e5 sin egen f\u00f6rm\u00e5ga. T.ex har vi sett att v\u00e5ra \u00d6nskedagar resulterar i att barnens inflytande [&hellip;]<\/p>\n","protected":false},"author":1,"featured_media":0,"parent":0,"menu_order":5,"comment_status":"closed","ping_status":"closed","template":"","meta":{"footnotes":""},"_links":{"self":[{"href":"https:\/\/xn--nskefrskolan-3ibf.se\/index.php?rest_route=\/wp\/v2\/pages\/6105"}],"collection":[{"href":"https:\/\/xn--nskefrskolan-3ibf.se\/index.php?rest_route=\/wp\/v2\/pages"}],"about":[{"href":"https:\/\/xn--nskefrskolan-3ibf.se\/index.php?rest_route=\/wp\/v2\/types\/page"}],"author":[{"embeddable":true,"href":"https:\/\/xn--nskefrskolan-3ibf.se\/index.php?rest_route=\/wp\/v2\/users\/1"}],"replies":[{"embeddable":true,"href":"https:\/\/xn--nskefrskolan-3ibf.se\/index.php?rest_route=%2Fwp%2Fv2%2Fcomments&post=6105"}],"version-history":[{"count":10,"href":"https:\/\/xn--nskefrskolan-3ibf.se\/index.php?rest_route=\/wp\/v2\/pages\/6105\/revisions"}],"predecessor-version":[{"id":6830,"href":"https:\/\/xn--nskefrskolan-3ibf.se\/index.php?rest_route=\/wp\/v2\/pages\/6105\/revisions\/6830"}],"wp:attachment":[{"href":"https:\/\/xn--nskefrskolan-3ibf.se\/index.php?rest_route=%2Fwp%2Fv2%2Fmedia&parent=6105"}],"curies":[{"name":"wp","href":"https:\/\/api.w.org\/{rel}","templated":true}]}}