{"id":5677,"date":"2022-09-05T20:16:00","date_gmt":"2022-09-05T20:16:00","guid":{"rendered":"http:\/\/xn--nskefrskolan-3ibf.se\/?page_id=5677"},"modified":"2022-09-05T18:17:26","modified_gmt":"2022-09-05T18:17:26","slug":"forskning","status":"publish","type":"page","link":"https:\/\/xn--nskefrskolan-3ibf.se\/?page_id=5677","title":{"rendered":"V\u00e5r l\u00e4rmilj\u00f6"},"content":{"rendered":"\n<p><em>Milj\u00f6n i f\u00f6rskolan ska erbjuda alla barn varierade aktiviteter i olika sammanhang. M\u00e5nga valm\u00f6jligheter ger \u00f6kade f\u00f6ruts\u00e4ttningar f\u00f6r barnen att bredda sina lekm\u00f6nster och val av aktiviteter. Det \u00e4r viktigt att alla som arbetar i f\u00f6rskolan bidrar till att barnen oavsett k\u00f6nstillh\u00f6righet ges f\u00f6ruts\u00e4ttningar f\u00f6r utvidgade upplevelser och uppfattningar om sina m\u00f6jligheter. F\u00f6rskolans milj\u00f6 ska inspirera och utmana barnen att bredda sina f\u00f6rm\u00e5gor och intressen utan att begr\u00e4nsas av k\u00f6nsstereotypa uppfattningar.<\/em> (Lpf\u00f6 18)<\/p>\n\n\n\n<figure class=\"wp-block-gallery has-nested-images columns-default is-cropped wp-block-gallery-1 is-layout-flex wp-block-gallery-is-layout-flex\">\n<figure class=\"wp-block-image\"><img decoding=\"async\" loading=\"lazy\" width=\"677\" height=\"673\" data-id=\"6815\" src=\"https:\/\/media.xn--nskefrskolan-3ibf.se\/2022\/09\/image_123986672-19-3-e1662398989992.jpg\" alt=\"\" class=\"wp-image-6815\" srcset=\"https:\/\/media.xn--nskefrskolan-3ibf.se\/2022\/09\/image_123986672-19-3-e1662398989992.jpg 677w, https:\/\/media.xn--nskefrskolan-3ibf.se\/2022\/09\/image_123986672-19-3-e1662398989992-150x150.jpg 150w, https:\/\/media.xn--nskefrskolan-3ibf.se\/2022\/09\/image_123986672-19-3-e1662398989992-300x298.jpg 300w, https:\/\/media.xn--nskefrskolan-3ibf.se\/2022\/09\/image_123986672-19-3-e1662398989992-624x620.jpg 624w\" sizes=\"(max-width: 677px) 100vw, 677px\" \/><figcaption>Atelj\u00e9 f\u00f6r skapande och utforskande<\/figcaption><\/figure>\n<\/figure>\n\n\n\n<p>P\u00e5 \u00f6nskef\u00f6rskolan l\u00e4gger vi stor vikt vid att utveckla v\u00e5r l\u00e4rmilj\u00f6 utifr\u00e5n barnens alla sinnen. Varje hemvist har ljusbord att leka och uppt\u00e4cka, f\u00f6rst\u00e4rka de olika materialen. Vi har ett stort utbud av kreativa material som stimulerar och lockar till lek, bygg och konstruktion.  Vi arbetar med en milj\u00f6 som ska fr\u00e4mja m\u00f6ten mellan barnen oavsett k\u00f6nstillh\u00f6righet. <\/p>\n","protected":false},"excerpt":{"rendered":"<p>Milj\u00f6n i f\u00f6rskolan ska erbjuda alla barn varierade aktiviteter i olika sammanhang. M\u00e5nga valm\u00f6jligheter ger \u00f6kade f\u00f6ruts\u00e4ttningar f\u00f6r barnen att bredda sina lekm\u00f6nster och val av aktiviteter. Det \u00e4r viktigt att alla som arbetar i f\u00f6rskolan bidrar till att barnen oavsett k\u00f6nstillh\u00f6righet ges f\u00f6ruts\u00e4ttningar f\u00f6r utvidgade upplevelser och uppfattningar om sina m\u00f6jligheter. F\u00f6rskolans milj\u00f6 ska [&hellip;]<\/p>\n","protected":false},"author":1,"featured_media":0,"parent":5638,"menu_order":5,"comment_status":"closed","ping_status":"closed","template":"","meta":{"footnotes":""},"_links":{"self":[{"href":"https:\/\/xn--nskefrskolan-3ibf.se\/index.php?rest_route=\/wp\/v2\/pages\/5677"}],"collection":[{"href":"https:\/\/xn--nskefrskolan-3ibf.se\/index.php?rest_route=\/wp\/v2\/pages"}],"about":[{"href":"https:\/\/xn--nskefrskolan-3ibf.se\/index.php?rest_route=\/wp\/v2\/types\/page"}],"author":[{"embeddable":true,"href":"https:\/\/xn--nskefrskolan-3ibf.se\/index.php?rest_route=\/wp\/v2\/users\/1"}],"replies":[{"embeddable":true,"href":"https:\/\/xn--nskefrskolan-3ibf.se\/index.php?rest_route=%2Fwp%2Fv2%2Fcomments&post=5677"}],"version-history":[{"count":22,"href":"https:\/\/xn--nskefrskolan-3ibf.se\/index.php?rest_route=\/wp\/v2\/pages\/5677\/revisions"}],"predecessor-version":[{"id":6836,"href":"https:\/\/xn--nskefrskolan-3ibf.se\/index.php?rest_route=\/wp\/v2\/pages\/5677\/revisions\/6836"}],"up":[{"embeddable":true,"href":"https:\/\/xn--nskefrskolan-3ibf.se\/index.php?rest_route=\/wp\/v2\/pages\/5638"}],"wp:attachment":[{"href":"https:\/\/xn--nskefrskolan-3ibf.se\/index.php?rest_route=%2Fwp%2Fv2%2Fmedia&parent=5677"}],"curies":[{"name":"wp","href":"https:\/\/api.w.org\/{rel}","templated":true}]}}