{"id":5675,"date":"2015-11-10T08:49:22","date_gmt":"2015-11-10T08:49:22","guid":{"rendered":"http:\/\/xn--nskefrskolan-3ibf.se\/?page_id=5675"},"modified":"2022-09-05T17:03:22","modified_gmt":"2022-09-05T17:03:22","slug":"naturvetenskap","status":"publish","type":"page","link":"https:\/\/xn--nskefrskolan-3ibf.se\/?page_id=5675","title":{"rendered":"Naturvetenskap &#038; Matematik"},"content":{"rendered":"<h2><strong>Naturvetenskap<\/strong><\/h2>\n<p>F\u00f6rskolan skall fr\u00e4mja att alla barn\u2026<br>&#8230;utvecklar intresse och f\u00f6rst\u00e5else f\u00f6r naturens olika kretslopp och f\u00f6r hur m\u00e4nniskor, natur och samh\u00e4lle p\u00e5verkar varandra,<br>&#8230;utvecklar sin f\u00f6rst\u00e5else f\u00f6r naturvetenskap och samband i naturen, liksom sitt kunnande om v\u00e4xter, djur samt enkla kemiska processer och fysikaliska fenomen.<br>&#8230;utvecklar sin f\u00f6rm\u00e5ga att urskilja, utforska, dokumentera, st\u00e4lla fr\u00e5gor om och samtala om naturvetenskap, (Lpf\u00f6 18)<\/p>\n<p>P\u00e5 \u00d6nskef\u00f6rskolan arbetar vi milj\u00f6medvetet, och vill ge barnen m\u00f6jlighet att l\u00e4ra om naturvetenskap och olika biologiska aspekter. Vi vill belysa f\u00f6r\u00e4ndringsprocesser och ge barnen m\u00f6jligheter till egna forskande och experimenteranden<br>F\u00f6r att f\u00e5 en djupare f\u00f6rst\u00e5else f\u00f6r hur naturen och m\u00e4nniskan \u00e4r uppbyggd, vill vi f\u00f6rdjupa oss i olika omr\u00e5den f\u00f6r att ge livskunskap. Vi f\u00f6ljer barnen genom samtal och pedagogiska dokumentationer f\u00f6r att f\u00e5nga barnens intressen och l\u00e4rande.<\/p>\n<p>Exempel:<\/p>\n<ul>\n<li>Uppm\u00e4rksamma \u00e5rstider<\/li>\n<li>Uppm\u00e4rksammar fenomen som tex flyttf\u00e5glar, fr\u00e5n larv, puppa till fj\u00e4ril etc.<\/li>\n<li>Vi l\u00e4r om Jag, &amp; min kropp<\/li>\n<li>Plantera blommor och gr\u00f6nsaker<\/li>\n<li>Bes\u00f6ka skog och gr\u00f6nomr\u00e5den<\/li>\n<li>Bes\u00f6ka olika museer ( Naturhistoriska, Skansen. mm)<\/li>\n<li>Expriment<\/li>\n<li>L\u00e4r om fysikaliska fenomen&nbsp;<\/li>\n<li>L\u00e4r om Ljus, ljud&nbsp;<\/li>\n<\/ul>\n\n\n<div class=\"wp-block-jetpack-tiled-gallery aligncenter is-style-square\"><div class=\"tiled-gallery__gallery\"><div class=\"tiled-gallery__row columns-5\"><div class=\"tiled-gallery__col\"><figure class=\"tiled-gallery__item\"><img decoding=\"async\" alt=\"\" data-height=\"480\" data-id=\"6665\" data-link=\"https:\/\/xn--nskefrskolan-3ibf.se\/?attachment_id=6665\" data-url=\"https:\/\/media.xn--nskefrskolan-3ibf.se\/2021\/03\/IMG_1796.jpg\" data-width=\"640\" src=\"https:\/\/i1.wp.com\/media.xn--nskefrskolan-3ibf.se\/2021\/03\/IMG_1796.jpg?resize=480%2C480\"\/><\/figure><\/div><div class=\"tiled-gallery__col\"><figure class=\"tiled-gallery__item\"><img decoding=\"async\" alt=\"\" data-height=\"640\" data-id=\"6659\" data-link=\"https:\/\/xn--nskefrskolan-3ibf.se\/?attachment_id=6659\" data-url=\"https:\/\/media.xn--nskefrskolan-3ibf.se\/2021\/03\/IMG_3008.png\" data-width=\"295\" src=\"https:\/\/i1.wp.com\/media.xn--nskefrskolan-3ibf.se\/2021\/03\/IMG_3008.png?resize=295%2C295\"\/><\/figure><\/div><div class=\"tiled-gallery__col\"><figure class=\"tiled-gallery__item\"><img decoding=\"async\" alt=\"\" data-height=\"1936\" data-id=\"5855\" data-link=\"https:\/\/xn--nskefrskolan-3ibf.se\/?attachment_id=5855\" data-url=\"https:\/\/media.xn--nskefrskolan-3ibf.se\/2015\/11\/IMG_0334-1024x765.jpg\" data-width=\"2592\" src=\"https:\/\/i0.wp.com\/media.xn--nskefrskolan-3ibf.se\/2015\/11\/IMG_0334-1024x765.jpg?resize=1936%2C1936\"\/><\/figure><\/div><div class=\"tiled-gallery__col\"><figure class=\"tiled-gallery__item\"><img decoding=\"async\" alt=\"\" data-height=\"449\" data-id=\"6018\" data-link=\"https:\/\/xn--nskefrskolan-3ibf.se\/?attachment_id=6018\" data-url=\"https:\/\/media.xn--nskefrskolan-3ibf.se\/2015\/11\/13148050_10206379470781437_489575426_o-e1462341710901-1024x957.jpg\" data-width=\"345\" src=\"https:\/\/i1.wp.com\/media.xn--nskefrskolan-3ibf.se\/2015\/11\/13148050_10206379470781437_489575426_o-e1462341710901-1024x957.jpg?resize=345%2C345\"\/><\/figure><\/div><div class=\"tiled-gallery__col\"><figure class=\"tiled-gallery__item\"><img decoding=\"async\" alt=\"\" data-height=\"480\" data-id=\"6582\" data-link=\"https:\/\/xn--nskefrskolan-3ibf.se\/?attachment_id=6582\" data-url=\"https:\/\/media.xn--nskefrskolan-3ibf.se\/2021\/03\/IMG_2834.jpg\" data-width=\"640\" src=\"https:\/\/i0.wp.com\/media.xn--nskefrskolan-3ibf.se\/2021\/03\/IMG_2834.jpg?resize=480%2C480\"\/><\/figure><\/div><\/div><\/div><\/div>\n\n\n\n<h2 class=\"wp-block-heading\">Matematik<\/h2>\n\n\n\n<p>F\u00f6rskolan skall fr\u00e4mja att alla barn\u2026<\/p>\n\n\n\n<p>\u2026utvecklar sin f\u00f6rst\u00e5else f\u00f6r rum, form, l\u00e4ge och riktning och grundl\u00e4ggande egenskaper hos m\u00e4ngder, antal, ordning och tal- begrepp samt f\u00f6r m\u00e4tning, tid och f\u00f6r\u00e4ndring,<br>\u2026utvecklar sin f\u00f6rm\u00e5ga att anv\u00e4nda matematik f\u00f6r att unders\u00f6ka, reflektera \u00f6ver och pr\u00f6va olika l\u00f6sningar av egna och andras problemst\u00e4llningar,<br>\u2026utvecklar sin f\u00f6rm\u00e5ga att urskilja, uttrycka, unders\u00f6ka och anv\u00e4nda matematiska begrepp och samband mellan begrepp,<br>\u2026utvecklar sin matematiska f\u00f6rm\u00e5ga att f\u00f6ra och f\u00f6lja resonemang, &nbsp;(Lpf\u00f6 18)<\/p>\n\n\n\n<p>P\u00e5 \u00d6nskef\u00f6rskolan uppm\u00e4rksammar vi matematiken som en del i vardagen och i allt som finns runt omkring oss. F\u00f6r oss \u00e4r matematik att st\u00e4ndigt vara n\u00e4rvarande och att vi blir medvetande om den. Genom att forska tillsammans med barnen och st\u00e4lla fr\u00e5gor kring hur de t\u00e4nker och upplever och s\u00e5 unders\u00f6ker vi olika fr\u00e5gest\u00e4llningar.&nbsp;<\/p>\n\n\n\n<p>Exempel<\/p>\n\n\n\n<ul><li>Arbete med tid och rum (tidsuppfattning, rumsuppfattning, dagar, \u00e5rstider etc.)<\/li><li>m\u00e4ngd &amp; volyml\u00e4ra &amp; Temperatur (varmt\/ kallt) genom tex Vattenlek<\/li><li>Samh\u00f6righet mellan antal och m\u00e4ngd<\/li><li>Geometriska figurer, 3D<\/li><li>(begreppsf\u00f6rst\u00e5else) H\u00f6jd, l\u00e4ngd, bredd och djup&nbsp;<\/li><li>Br\u00e5k\/ Fruktsamling Hel\/halv\/fj\u00e4rdedel etc<\/li><li>Antal och ordningsf\u00f6ljd<\/li><li>Sortering och klassificering<\/li><li>M\u00f6nster<\/li><li>Ljus- och skuggrelationer<\/li><li>Enklare diagram och statistik<\/li><li>Probleml\u00f6sning<\/li><li>Pussel<\/li><\/ul>\n\n\n\n<div class=\"wp-block-jetpack-tiled-gallery aligncenter is-style-square\"><div class=\"tiled-gallery__gallery\"><div class=\"tiled-gallery__row columns-4\"><div class=\"tiled-gallery__col\"><figure class=\"tiled-gallery__item\"><img decoding=\"async\" alt=\"\" data-height=\"640\" data-id=\"6668\" data-link=\"https:\/\/xn--nskefrskolan-3ibf.se\/?attachment_id=6668\" data-url=\"https:\/\/media.xn--nskefrskolan-3ibf.se\/2021\/03\/IMG_2128.jpg\" data-width=\"480\" src=\"https:\/\/i2.wp.com\/media.xn--nskefrskolan-3ibf.se\/2021\/03\/IMG_2128.jpg?resize=480%2C480\"\/><\/figure><\/div><div class=\"tiled-gallery__col\"><figure class=\"tiled-gallery__item\"><img decoding=\"async\" alt=\"\" data-height=\"640\" data-id=\"6667\" data-link=\"https:\/\/xn--nskefrskolan-3ibf.se\/?attachment_id=6667\" data-url=\"https:\/\/media.xn--nskefrskolan-3ibf.se\/2021\/03\/IMG_2124.jpg\" data-width=\"480\" src=\"https:\/\/i2.wp.com\/media.xn--nskefrskolan-3ibf.se\/2021\/03\/IMG_2124.jpg?resize=480%2C480\"\/><\/figure><\/div><div class=\"tiled-gallery__col\"><figure class=\"tiled-gallery__item\"><img decoding=\"async\" alt=\"\" data-height=\"480\" data-id=\"6607\" data-link=\"https:\/\/xn--nskefrskolan-3ibf.se\/?attachment_id=6607\" data-url=\"https:\/\/media.xn--nskefrskolan-3ibf.se\/2021\/03\/IMG_2582.jpg\" data-width=\"640\" src=\"https:\/\/i1.wp.com\/media.xn--nskefrskolan-3ibf.se\/2021\/03\/IMG_2582.jpg?resize=480%2C480\"\/><\/figure><\/div><div class=\"tiled-gallery__col\"><figure class=\"tiled-gallery__item\"><img decoding=\"async\" alt=\"\" data-height=\"485\" data-id=\"6355\" data-link=\"https:\/\/xn--nskefrskolan-3ibf.se\/?attachment_id=6355\" data-url=\"https:\/\/media.xn--nskefrskolan-3ibf.se\/2019\/04\/IMG_8918.jpg\" data-width=\"308\" src=\"https:\/\/i2.wp.com\/media.xn--nskefrskolan-3ibf.se\/2019\/04\/IMG_8918.jpg?resize=308%2C308\"\/><\/figure><\/div><\/div><div class=\"tiled-gallery__row columns-5\"><div class=\"tiled-gallery__col\"><figure class=\"tiled-gallery__item\"><img decoding=\"async\" alt=\"\" data-height=\"1632\" data-id=\"6157\" data-link=\"https:\/\/xn--nskefrskolan-3ibf.se\/?attachment_id=6157\" data-url=\"https:\/\/media.xn--nskefrskolan-3ibf.se\/2015\/11\/IMG_3542-e1497961082762-768x1024.jpg\" data-width=\"1224\" src=\"https:\/\/i1.wp.com\/media.xn--nskefrskolan-3ibf.se\/2015\/11\/IMG_3542-e1497961082762-768x1024.jpg?resize=1224%2C1224\"\/><\/figure><\/div><div class=\"tiled-gallery__col\"><figure class=\"tiled-gallery__item\"><img decoding=\"async\" alt=\"\" data-height=\"640\" data-id=\"6678\" data-link=\"https:\/\/xn--nskefrskolan-3ibf.se\/?attachment_id=6678\" data-url=\"https:\/\/media.xn--nskefrskolan-3ibf.se\/2021\/03\/IMG_3159.jpg\" data-width=\"428\" src=\"https:\/\/i1.wp.com\/media.xn--nskefrskolan-3ibf.se\/2021\/03\/IMG_3159.jpg?resize=428%2C428\"\/><\/figure><\/div><div class=\"tiled-gallery__col\"><figure class=\"tiled-gallery__item\"><img decoding=\"async\" alt=\"\" data-height=\"1632\" data-id=\"6148\" data-link=\"https:\/\/xn--nskefrskolan-3ibf.se\/?attachment_id=6148\" data-url=\"https:\/\/media.xn--nskefrskolan-3ibf.se\/2015\/11\/IMG_3535-768x1024.jpg\" data-width=\"1224\" src=\"https:\/\/i1.wp.com\/media.xn--nskefrskolan-3ibf.se\/2015\/11\/IMG_3535-768x1024.jpg?resize=1224%2C1224\"\/><\/figure><\/div><div class=\"tiled-gallery__col\"><figure class=\"tiled-gallery__item\"><img decoding=\"async\" alt=\"\" data-height=\"2016\" data-id=\"6194\" data-link=\"https:\/\/xn--nskefrskolan-3ibf.se\/?attachment_id=6194\" data-url=\"https:\/\/media.xn--nskefrskolan-3ibf.se\/2015\/11\/IMG_3659-e1499343192859-768x1024.jpg\" data-width=\"1512\" src=\"https:\/\/i2.wp.com\/media.xn--nskefrskolan-3ibf.se\/2015\/11\/IMG_3659-e1499343192859-768x1024.jpg?resize=1512%2C1512\"\/><\/figure><\/div><div class=\"tiled-gallery__col\"><figure class=\"tiled-gallery__item\"><img decoding=\"async\" alt=\"\" data-height=\"640\" data-id=\"6662\" data-link=\"https:\/\/xn--nskefrskolan-3ibf.se\/?attachment_id=6662\" data-url=\"https:\/\/media.xn--nskefrskolan-3ibf.se\/2021\/03\/IMG_0852.jpg\" data-width=\"480\" src=\"https:\/\/i0.wp.com\/media.xn--nskefrskolan-3ibf.se\/2021\/03\/IMG_0852.jpg?resize=480%2C480\"\/><\/figure><\/div><\/div><\/div><\/div>\n\n\n\n<p><\/p>\n","protected":false},"excerpt":{"rendered":"<p>Naturvetenskap F\u00f6rskolan skall fr\u00e4mja att alla barn\u2026&#8230;utvecklar intresse och f\u00f6rst\u00e5else f\u00f6r naturens olika kretslopp och f\u00f6r hur m\u00e4nniskor, natur och samh\u00e4lle p\u00e5verkar varandra,&#8230;utvecklar sin f\u00f6rst\u00e5else f\u00f6r naturvetenskap och samband i naturen, liksom sitt kunnande om v\u00e4xter, djur samt enkla kemiska processer och fysikaliska fenomen.&#8230;utvecklar sin f\u00f6rm\u00e5ga att urskilja, utforska, dokumentera, st\u00e4lla fr\u00e5gor om och samtala [&hellip;]<\/p>\n","protected":false},"author":1,"featured_media":0,"parent":5638,"menu_order":4,"comment_status":"closed","ping_status":"closed","template":"","meta":{"footnotes":""},"_links":{"self":[{"href":"https:\/\/xn--nskefrskolan-3ibf.se\/index.php?rest_route=\/wp\/v2\/pages\/5675"}],"collection":[{"href":"https:\/\/xn--nskefrskolan-3ibf.se\/index.php?rest_route=\/wp\/v2\/pages"}],"about":[{"href":"https:\/\/xn--nskefrskolan-3ibf.se\/index.php?rest_route=\/wp\/v2\/types\/page"}],"author":[{"embeddable":true,"href":"https:\/\/xn--nskefrskolan-3ibf.se\/index.php?rest_route=\/wp\/v2\/users\/1"}],"replies":[{"embeddable":true,"href":"https:\/\/xn--nskefrskolan-3ibf.se\/index.php?rest_route=%2Fwp%2Fv2%2Fcomments&post=5675"}],"version-history":[{"count":21,"href":"https:\/\/xn--nskefrskolan-3ibf.se\/index.php?rest_route=\/wp\/v2\/pages\/5675\/revisions"}],"predecessor-version":[{"id":6833,"href":"https:\/\/xn--nskefrskolan-3ibf.se\/index.php?rest_route=\/wp\/v2\/pages\/5675\/revisions\/6833"}],"up":[{"embeddable":true,"href":"https:\/\/xn--nskefrskolan-3ibf.se\/index.php?rest_route=\/wp\/v2\/pages\/5638"}],"wp:attachment":[{"href":"https:\/\/xn--nskefrskolan-3ibf.se\/index.php?rest_route=%2Fwp%2Fv2%2Fmedia&parent=5675"}],"curies":[{"name":"wp","href":"https:\/\/api.w.org\/{rel}","templated":true}]}}