{"id":5669,"date":"2015-11-10T08:47:15","date_gmt":"2015-11-10T08:47:15","guid":{"rendered":"http:\/\/xn--nskefrskolan-3ibf.se\/?page_id=5669"},"modified":"2021-03-12T08:07:13","modified_gmt":"2021-03-12T08:07:13","slug":"onskedagar","status":"publish","type":"page","link":"https:\/\/xn--nskefrskolan-3ibf.se\/?page_id=5669","title":{"rendered":"\u00d6nskedagar"},"content":{"rendered":"<h1 class=\"p1\"><span class=\"s1\">\u00d6nskedagar\/ Demokrati och Barns inflytande<\/span><\/h1>\n\n\t\t<style type=\"text\/css\">\n\t\t\t#gallery-1 {\n\t\t\t\tmargin: auto;\n\t\t\t}\n\t\t\t#gallery-1 .gallery-item {\n\t\t\t\tfloat: left;\n\t\t\t\tmargin-top: 10px;\n\t\t\t\ttext-align: center;\n\t\t\t\twidth: 33%;\n\t\t\t}\n\t\t\t#gallery-1 img {\n\t\t\t\tborder: 2px solid #cfcfcf;\n\t\t\t}\n\t\t\t#gallery-1 .gallery-caption {\n\t\t\t\tmargin-left: 0;\n\t\t\t}\n\t\t\t\/* see gallery_shortcode() in wp-includes\/media.php *\/\n\t\t<\/style>\n\t\t<div id='gallery-1' class='gallery galleryid-5669 gallery-columns-3 gallery-size-medium'><dl class='gallery-item'>\n\t\t\t<dt class='gallery-icon landscape'>\n\t\t\t\t<a href='https:\/\/xn--nskefrskolan-3ibf.se\/?attachment_id=6320'><img width=\"300\" height=\"281\" src=\"https:\/\/media.xn--nskefrskolan-3ibf.se\/2019\/03\/IMG_8764-300x281.jpg\" class=\"attachment-medium size-medium\" alt=\"\" decoding=\"async\" aria-describedby=\"gallery-1-6320\" loading=\"lazy\" srcset=\"https:\/\/media.xn--nskefrskolan-3ibf.se\/2019\/03\/IMG_8764-300x281.jpg 300w, https:\/\/media.xn--nskefrskolan-3ibf.se\/2019\/03\/IMG_8764-624x585.jpg 624w, https:\/\/media.xn--nskefrskolan-3ibf.se\/2019\/03\/IMG_8764.jpg 750w\" sizes=\"(max-width: 300px) 100vw, 300px\" \/><\/a>\n\t\t\t<\/dt>\n\t\t\t\t<dd class='wp-caption-text gallery-caption' id='gallery-1-6320'>\n\t\t\t\tVerktyg \u00d6nskedag\n\t\t\t\t<\/dd><\/dl><dl class='gallery-item'>\n\t\t\t<dt class='gallery-icon landscape'>\n\t\t\t\t<a href='https:\/\/xn--nskefrskolan-3ibf.se\/?attachment_id=6318'><img width=\"300\" height=\"293\" src=\"https:\/\/media.xn--nskefrskolan-3ibf.se\/2019\/03\/IMG_8761-300x293.jpg\" class=\"attachment-medium size-medium\" alt=\"\" decoding=\"async\" aria-describedby=\"gallery-1-6318\" loading=\"lazy\" srcset=\"https:\/\/media.xn--nskefrskolan-3ibf.se\/2019\/03\/IMG_8761-300x293.jpg 300w, https:\/\/media.xn--nskefrskolan-3ibf.se\/2019\/03\/IMG_8761-624x609.jpg 624w, https:\/\/media.xn--nskefrskolan-3ibf.se\/2019\/03\/IMG_8761.jpg 675w\" sizes=\"(max-width: 300px) 100vw, 300px\" \/><\/a>\n\t\t\t<\/dt>\n\t\t\t\t<dd class='wp-caption-text gallery-caption' id='gallery-1-6318'>\n\t\t\t\tGlass-\u00d6nskedag\n\t\t\t\t<\/dd><\/dl><dl class='gallery-item'>\n\t\t\t<dt class='gallery-icon landscape'>\n\t\t\t\t<a href='https:\/\/xn--nskefrskolan-3ibf.se\/?attachment_id=6321'><img width=\"300\" height=\"300\" src=\"https:\/\/media.xn--nskefrskolan-3ibf.se\/2019\/03\/IMG_8765-e1615457039943-300x300.jpg\" class=\"attachment-medium size-medium\" alt=\"\" decoding=\"async\" aria-describedby=\"gallery-1-6321\" loading=\"lazy\" srcset=\"https:\/\/media.xn--nskefrskolan-3ibf.se\/2019\/03\/IMG_8765-e1615457039943-300x300.jpg 300w, https:\/\/media.xn--nskefrskolan-3ibf.se\/2019\/03\/IMG_8765-e1615457039943-150x150.jpg 150w, https:\/\/media.xn--nskefrskolan-3ibf.se\/2019\/03\/IMG_8765-e1615457039943-624x622.jpg 624w, https:\/\/media.xn--nskefrskolan-3ibf.se\/2019\/03\/IMG_8765-e1615457039943.jpg 750w\" sizes=\"(max-width: 300px) 100vw, 300px\" \/><\/a>\n\t\t\t<\/dt>\n\t\t\t\t<dd class='wp-caption-text gallery-caption' id='gallery-1-6321'>\n\t\t\t\tBamse-\u00d6nskedag\n\t\t\t\t<\/dd><\/dl><br style=\"clear: both\" \/><dl class='gallery-item'>\n\t\t\t<dt class='gallery-icon landscape'>\n\t\t\t\t<a href='https:\/\/xn--nskefrskolan-3ibf.se\/?attachment_id=6360'><img width=\"300\" height=\"300\" src=\"https:\/\/media.xn--nskefrskolan-3ibf.se\/2019\/04\/IMG_8969-300x300.jpg\" class=\"attachment-medium size-medium\" alt=\"\" decoding=\"async\" aria-describedby=\"gallery-1-6360\" loading=\"lazy\" srcset=\"https:\/\/media.xn--nskefrskolan-3ibf.se\/2019\/04\/IMG_8969-300x300.jpg 300w, https:\/\/media.xn--nskefrskolan-3ibf.se\/2019\/04\/IMG_8969-150x150.jpg 150w, https:\/\/media.xn--nskefrskolan-3ibf.se\/2019\/04\/IMG_8969-624x622.jpg 624w, https:\/\/media.xn--nskefrskolan-3ibf.se\/2019\/04\/IMG_8969.jpg 749w\" sizes=\"(max-width: 300px) 100vw, 300px\" \/><\/a>\n\t\t\t<\/dt>\n\t\t\t\t<dd class='wp-caption-text gallery-caption' id='gallery-1-6360'>\n\t\t\t\tT\u00e5rt-\u00d6nskedag\n\t\t\t\t<\/dd><\/dl>\n\t\t\t<br style='clear: both' \/>\n\t\t<\/div>\n\n<p>F\u00f6rskolan ska uppmuntra barnen att f\u00f6ra fram sina tankar och id\u00e9er och skapa f\u00f6ruts\u00e4ttningar f\u00f6r detta. Barnens \u00e5sikter ska tas tillvara i utbildningen och de ska f\u00e5 m\u00f6jlighet att bilda sig egna uppfattningar och g\u00f6ra val utifr\u00e5n sina egna f\u00f6ruts\u00e4ttningar. P\u00e5 s\u00e5 s\u00e4tt kan barnen utveckla tilltro till sin egen f\u00f6rm\u00e5ga samt bli delaktiga och ut\u00f6va inflytande \u00f6ver utbildningen.<\/p>\n<p class=\"p1\"><span class=\"s2\">F\u00f6rskolan skall fr\u00e4mja att alla barn\u2026<\/span><\/p>\n<p class=\"p1\"><span class=\"s2\">\u2026utvecklar sin f\u00f6rm\u00e5ga att uttrycka sina tankar och \u00e5sikter och d\u00e4rmed f\u00e5 m\u00f6jlighet att p\u00e5verka sin situation.<br \/>\n\u2026utvecklar sin f\u00f6rm\u00e5ga att ta ansvar f\u00f6r sina egna handlingar och f\u00f6r f\u00f6rskolans milj\u00f6, och<br \/>\n\u2026utvecklar sin f\u00f6rm\u00e5ga att f\u00f6rst\u00e5 och att handla efter demokratiska principer genom att f\u00e5 delta i olika former av samarbete och beslutsfattande. (Lpf\u00f6 18) <\/span><\/p>\n<h1><span class=\"s2\"><b>\u00d6nskedagar<\/b><\/span><\/h1>\n<p class=\"p1\"><span class=\"s2\"><b>Syfte<\/b>: Att l\u00e5ta barnen v\u00e4xa till starka medm\u00e4nniskor med respekt f\u00f6r sin omv\u00e4rld, genom att arbeta utifr\u00e5n en metod som ser alla barn och utg\u00e5r ifr\u00e5n deras lust, unikhet och utforskargl\u00e4dje.<span class=\"Apple-converted-space\">\u00a0 <\/span>Vi vill att \u00f6nskedagarna ska ha fokus p\u00e5 gl\u00e4dje och gemenskap, skapa respekt barnen emellan d\u00e4r delad gl\u00e4dje \u00e4r dubbelgl\u00e4dje. <\/span><\/p>\n<p class=\"p3\"><span class=\"s2\"><b><i>\u201dSer du stj\u00e4rnan i det bl\u00e5? Allt du \u00f6nskar kan du f\u00e5!\u201d <\/i><\/b><\/span><\/p>\n<ul>\n<li class=\"li1\"><span class=\"s2\">Alla avdelningar kommer att arbeta med individuella \u00d6nskedagar. P\u00e5 \u00d6nskef\u00f6rskolan vill vi att alla barn ska vara unika och vi vill ge alla barn och f\u00f6rverkliga deras dr\u00f6mmar. <\/span><\/li>\n<li class=\"li1\"><span class=\"s2\"><b>\u00d6nskedagar<\/b> <b>Jag + Du = V<\/b>i: Barnet (Jag) har en \u00f6nskan och l\u00e4r mig f\u00f6rst\u00e5 v\u00e4rdet av min egen r\u00f6st. Jag delar min \u00f6nskan med mina v\u00e4nner (Du) och l\u00e4r mig att delad gl\u00e4dje \u00e4r dubbel gl\u00e4dje och tillsammans (Vi) skapar vi gl\u00e4dje och gemenskap och f\u00f6rhindrar utanf\u00f6rskap. Alla f\u00e5r vara UNIKA och alla blir SEDDA f\u00f6r den vi \u00e4r. Vi l\u00e4r oss Respekt: N\u00e4r n\u00e5gon har en \u00f6nskedag s\u00e5 deltar vi alla efter f\u00f6rm\u00e5ga och l\u00e4r oss m\u00f6ta nya intressen och f\u00f6rhindrar att ovetskap blir utanf\u00f6rskap.<\/span><\/li>\n<\/ul>\n<p class=\"p1\"><strong><span class=\"s2\">\u201dN\u00e4r en \u00f6nskestj\u00e4rna t\u00e4nds,<br \/>\n\u00f6nska n\u00e5got och det s\u00e4nds,<br \/>\ndet som hj\u00e4rtat l\u00e4ngtar till ska d\u00e5 bli ditt.<br \/>\nDr\u00f6mmer du av hj\u00e4rtat blott,<br \/>\nkan du dr\u00f6mma till dig slott,<br \/>\nty \u00f6nskestj\u00e4rnan t\u00e4nds f\u00e5r dr\u00f6mmar sitt.<br \/>\nSom en blixt ifr\u00e5n det bl\u00e5,<br \/>\nstiger \u00f6det bara p\u00e5, anar vad du dr\u00f6mt, och allt ska du f\u00e5\u201d<\/span><\/strong><\/p>\n<p><strong>Forskning<\/strong><\/p>\n<p>\u2022Matti Bergstr\u00f6m hj\u00e4rnforskare menar att\u00a0hj\u00e4rnan l\u00e4r vid sp\u00e4nning. Och att pannloben (arbetsminnet) aktiveras n\u00e4r man t\u00e4nker utanf\u00f6r boxen, detta \u00e4r n\u00e5got som vi g\u00f6r dagligen och utmanas i att t\u00e4nka sj\u00e4lva med bland annat\u00a0\u00d6nskedagar, d\u00e4r barnet som \u00e4r huvudpersonen.<\/p>\n","protected":false},"excerpt":{"rendered":"<p>\u00d6nskedagar\/ Demokrati och Barns inflytande F\u00f6rskolan ska uppmuntra barnen att f\u00f6ra fram sina tankar och id\u00e9er och skapa f\u00f6ruts\u00e4ttningar f\u00f6r detta. Barnens \u00e5sikter ska tas tillvara i utbildningen och de ska f\u00e5 m\u00f6jlighet att bilda sig egna uppfattningar och g\u00f6ra val utifr\u00e5n sina egna f\u00f6ruts\u00e4ttningar. P\u00e5 s\u00e5 s\u00e4tt kan barnen utveckla tilltro till sin egen [&hellip;]<\/p>\n","protected":false},"author":1,"featured_media":0,"parent":5638,"menu_order":1,"comment_status":"closed","ping_status":"closed","template":"","meta":{"footnotes":""},"_links":{"self":[{"href":"https:\/\/xn--nskefrskolan-3ibf.se\/index.php?rest_route=\/wp\/v2\/pages\/5669"}],"collection":[{"href":"https:\/\/xn--nskefrskolan-3ibf.se\/index.php?rest_route=\/wp\/v2\/pages"}],"about":[{"href":"https:\/\/xn--nskefrskolan-3ibf.se\/index.php?rest_route=\/wp\/v2\/types\/page"}],"author":[{"embeddable":true,"href":"https:\/\/xn--nskefrskolan-3ibf.se\/index.php?rest_route=\/wp\/v2\/users\/1"}],"replies":[{"embeddable":true,"href":"https:\/\/xn--nskefrskolan-3ibf.se\/index.php?rest_route=%2Fwp%2Fv2%2Fcomments&post=5669"}],"version-history":[{"count":18,"href":"https:\/\/xn--nskefrskolan-3ibf.se\/index.php?rest_route=\/wp\/v2\/pages\/5669\/revisions"}],"predecessor-version":[{"id":6698,"href":"https:\/\/xn--nskefrskolan-3ibf.se\/index.php?rest_route=\/wp\/v2\/pages\/5669\/revisions\/6698"}],"up":[{"embeddable":true,"href":"https:\/\/xn--nskefrskolan-3ibf.se\/index.php?rest_route=\/wp\/v2\/pages\/5638"}],"wp:attachment":[{"href":"https:\/\/xn--nskefrskolan-3ibf.se\/index.php?rest_route=%2Fwp%2Fv2%2Fmedia&parent=5669"}],"curies":[{"name":"wp","href":"https:\/\/api.w.org\/{rel}","templated":true}]}}