{"id":5667,"date":"2015-11-10T08:46:59","date_gmt":"2015-11-10T08:46:59","guid":{"rendered":"http:\/\/xn--nskefrskolan-3ibf.se\/?page_id=5667"},"modified":"2021-05-07T10:31:31","modified_gmt":"2021-05-07T10:31:31","slug":"synpunkter-klagomal","status":"publish","type":"page","link":"https:\/\/xn--nskefrskolan-3ibf.se\/?page_id=5667","title":{"rendered":"Delaktighet, Klagom\u00e5l &#038; synpunkter"},"content":{"rendered":"<p><strong>Dina tankar, \u00f6nskningar, klagom\u00e5l och synpunkter \u00e4r viktiga f\u00f6r oss!<\/strong><\/p>\n<p>Vi s\u00e4tter alltid barnen i centrum och det viktigaste f\u00f6r oss \u00e4r att alla ska k\u00e4nna trygghet och bli sedda. Vi \u00f6nskar att verksamheten ska vara det b\u00e4sta f\u00f6r alla som finns hos oss.<\/p>\n<p>D\u00e4rf\u00f6r v\u00e4lkomnar vi era \u00e5sikter, \u00f6nskningar, ide\u00e9r och klagom\u00e5l, s\u00e5 att vi kan utveckla och f\u00f6rb\u00e4ttra v\u00e5r verksamhet. Vi v\u00e4lkomnar samtal och dialog md alla hos oss,\u00a0barn, f\u00f6r\u00e4ldrar, pedagoger. Om ni upplever att ni inte blir lyssnade till v\u00e4lkomnar vi att ni kontaktar ni Stockholm Stad och utbildningsf\u00f6rvaltningen 08-508 33 000<\/p>\n<p>mejl: info@onskeforskolan.se<br \/>\nTel: 08-520 059 60<\/p>\n<p>Maria Treiberg\/ Rektor<br \/>\nTel: 0707429811<\/p>\n","protected":false},"excerpt":{"rendered":"<p>Dina tankar, \u00f6nskningar, klagom\u00e5l och synpunkter \u00e4r viktiga f\u00f6r oss! Vi s\u00e4tter alltid barnen i centrum och det viktigaste f\u00f6r oss \u00e4r att alla ska k\u00e4nna trygghet och bli sedda. Vi \u00f6nskar att verksamheten ska vara det b\u00e4sta f\u00f6r alla som finns hos oss. D\u00e4rf\u00f6r v\u00e4lkomnar vi era \u00e5sikter, \u00f6nskningar, ide\u00e9r och klagom\u00e5l, s\u00e5 att [&hellip;]<\/p>\n","protected":false},"author":1,"featured_media":0,"parent":0,"menu_order":6,"comment_status":"closed","ping_status":"closed","template":"","meta":{"footnotes":""},"_links":{"self":[{"href":"https:\/\/xn--nskefrskolan-3ibf.se\/index.php?rest_route=\/wp\/v2\/pages\/5667"}],"collection":[{"href":"https:\/\/xn--nskefrskolan-3ibf.se\/index.php?rest_route=\/wp\/v2\/pages"}],"about":[{"href":"https:\/\/xn--nskefrskolan-3ibf.se\/index.php?rest_route=\/wp\/v2\/types\/page"}],"author":[{"embeddable":true,"href":"https:\/\/xn--nskefrskolan-3ibf.se\/index.php?rest_route=\/wp\/v2\/users\/1"}],"replies":[{"embeddable":true,"href":"https:\/\/xn--nskefrskolan-3ibf.se\/index.php?rest_route=%2Fwp%2Fv2%2Fcomments&post=5667"}],"version-history":[{"count":11,"href":"https:\/\/xn--nskefrskolan-3ibf.se\/index.php?rest_route=\/wp\/v2\/pages\/5667\/revisions"}],"predecessor-version":[{"id":6800,"href":"https:\/\/xn--nskefrskolan-3ibf.se\/index.php?rest_route=\/wp\/v2\/pages\/5667\/revisions\/6800"}],"wp:attachment":[{"href":"https:\/\/xn--nskefrskolan-3ibf.se\/index.php?rest_route=%2Fwp%2Fv2%2Fmedia&parent=5667"}],"curies":[{"name":"wp","href":"https:\/\/api.w.org\/{rel}","templated":true}]}}