{"id":5663,"date":"2015-11-10T08:46:23","date_gmt":"2015-11-10T08:46:23","guid":{"rendered":"http:\/\/xn--nskefrskolan-3ibf.se\/?page_id=5663"},"modified":"2022-09-05T17:07:47","modified_gmt":"2022-09-05T17:07:47","slug":"ledningen","status":"publish","type":"page","link":"https:\/\/xn--nskefrskolan-3ibf.se\/?page_id=5663","title":{"rendered":"Ledningen"},"content":{"rendered":"<p><strong>Varf\u00f6r vi valde att starta \u00d6nskef\u00f6rskolan<\/strong><\/p>\n<p>Efter att ha jobbat 20 \u00e5r inom barnomsorgen, har vi \u00e4ntligen uppfyllt v\u00e5r dr\u00f6m genom att skapa v\u00e5r egen \u00d6nskef\u00f6rskola. Vi brinner f\u00f6r att alla ska bli sedda p\u00e5 riktigt, k\u00e4nna trygghet, gl\u00e4dje och gemenskap, och d\u00e4r barnen tror p\u00e5 sina, varandras f\u00f6rm\u00e5ga, kapacitet &amp; id\u00e9er. Som st\u00e4rker barnens sj\u00e4lvk\u00e4nsla, sj\u00e4lvtillit &amp; sj\u00e4lvf\u00f6rtroende som beh\u00f6vs i dagens samh\u00e4lle d\u00e4r vi st\u00e5r inf\u00f6r m\u00e5nga val och beslut.<\/p>\n<p>Vi tror p\u00e5 en demokratisk organisation d\u00e4r alla hos oss \u00e4r en del av en helhet och allas r\u00f6st \u00e4r lika viktig. V\u00e5ran str\u00e4van och m\u00e5l f\u00f6r utom att ha en ekologisk &amp; giftfri vardag, \u00e4r att barnen verkligen blir sedda p\u00e5 riktigt.<\/p>\n<p>Vi vill ge m\u00f6jlighet till en personlig f\u00f6rskolevistelse d\u00e4r intresse och lust f\u00e5r styra.<\/p>\n<p><strong>Maria Treiberg, Rektor &amp; F\u00f6rskoll\u00e4rare<\/strong><br \/>\nMaria har arbetat med barn sedan 2000. Maria \u00e4r utbildad f\u00f6rskoll\u00e4rare, barnsk\u00f6tare,\u00a0arbetslagledare och har g\u00e5tt kurser i drama och teater f\u00f6r yngre barn samt k\u00e4nslosamlingar som Start och Stegen. Maria g\u00e5r just nu Rektorsprogrammet i IV:regi<\/p>\n<p>Maria har arbetat som avdelningsansvarig, arbetslags ledare, pedagogisk utvecklare &#8211; f\u00f6rste f\u00f6rskoll\u00e4rare, f\u00f6rskolechef och sk\u00e5despelare. Maria har startat Tripp Trapp Trullteatern, en barnteater tillsammans med n\u00e5gra v\u00e4nner. Maria har \u00e4ven arbetet som sk\u00e5despelare i sex \u00e5r p\u00e5 Lasse i Parken (Hornstull) och spelat p\u00e5 Astrid Lindgrens och Drottning Silvias barnsjukhus.<\/p>\n<p>Utm\u00e4rkelser:<br \/>\nMaria har blivit utsedd till Periodens\/\u00c5rets Pedagog och f\u00e5tt pris som \u00c5rets Bamsepedagog 2014 f\u00f6r metoden \u00d6nskedagar.<\/p>\n<p>Maria har bland annat f\u00f6rel\u00e4st kring metoden \u00d6nskedagar och arbetat med att v\u00e4gleda f\u00f6r\u00e4ldrar i sitt f\u00f6r\u00e4ldraskap.<\/p>\n<p><strong>Anna Lenngren, Verksamhetschef\/ Barnsk\u00f6tare<\/strong><br \/>\nAnna har arbetat med barn \u00a0i 16 \u00e5r och inom f\u00f6retagsekonomi 26 \u00e5r<br \/>\nAnna \u00e4r utbildad Barnsk\u00f6tare och inom F\u00f6retagsekonomi, personal, och administration.<\/p>\n<p>Anna har bland annat arbetat p\u00e5 S\u00e4rskolan och p\u00e5 Vittra som tillf\u00f6rordnad rektor och f\u00f6rskolechef.<\/p>\n<p>Annas specialkompetens \u00e4r administration och till henne v\u00e4nder du dig f\u00f6r fr\u00e5gor kring intag och upps\u00e4gning.<\/p>\n<p>Anna har \u00e4ven stor kunskap i kommunikation i relation och att v\u00e4gleda pedagoger och v\u00e5rdnadshavare.<\/p>\n<p><img decoding=\"async\" loading=\"lazy\" class=\"size-full wp-image-6144 alignleft\" src=\"https:\/\/media.xn--nskefrskolan-3ibf.se\/2015\/11\/apan-och-austronauten-anna-och-maria-e1497958654427.jpg\" alt=\"\" width=\"771\" height=\"514\" srcset=\"https:\/\/media.xn--nskefrskolan-3ibf.se\/2015\/11\/apan-och-austronauten-anna-och-maria-e1497958654427.jpg 771w, https:\/\/media.xn--nskefrskolan-3ibf.se\/2015\/11\/apan-och-austronauten-anna-och-maria-e1497958654427-300x200.jpg 300w, https:\/\/media.xn--nskefrskolan-3ibf.se\/2015\/11\/apan-och-austronauten-anna-och-maria-e1497958654427-272x182.jpg 272w, https:\/\/media.xn--nskefrskolan-3ibf.se\/2015\/11\/apan-och-austronauten-anna-och-maria-e1497958654427-768x512.jpg 768w, https:\/\/media.xn--nskefrskolan-3ibf.se\/2015\/11\/apan-och-austronauten-anna-och-maria-e1497958654427-624x416.jpg 624w\" sizes=\"(max-width: 771px) 100vw, 771px\" \/><\/p>\n<p><em>Maria Treiberg och Anna Lenngren med \u00d6nskef\u00f6rskolans maskotar Apan och Astronauten<\/em><\/p>\n","protected":false},"excerpt":{"rendered":"<p>Varf\u00f6r vi valde att starta \u00d6nskef\u00f6rskolan Efter att ha jobbat 20 \u00e5r inom barnomsorgen, har vi \u00e4ntligen uppfyllt v\u00e5r dr\u00f6m genom att skapa v\u00e5r egen \u00d6nskef\u00f6rskola. Vi brinner f\u00f6r att alla ska bli sedda p\u00e5 riktigt, k\u00e4nna trygghet, gl\u00e4dje och gemenskap, och d\u00e4r barnen tror p\u00e5 sina, varandras f\u00f6rm\u00e5ga, kapacitet &amp; id\u00e9er. Som st\u00e4rker barnens [&hellip;]<\/p>\n","protected":false},"author":1,"featured_media":0,"parent":0,"menu_order":4,"comment_status":"closed","ping_status":"closed","template":"","meta":{"footnotes":""},"_links":{"self":[{"href":"https:\/\/xn--nskefrskolan-3ibf.se\/index.php?rest_route=\/wp\/v2\/pages\/5663"}],"collection":[{"href":"https:\/\/xn--nskefrskolan-3ibf.se\/index.php?rest_route=\/wp\/v2\/pages"}],"about":[{"href":"https:\/\/xn--nskefrskolan-3ibf.se\/index.php?rest_route=\/wp\/v2\/types\/page"}],"author":[{"embeddable":true,"href":"https:\/\/xn--nskefrskolan-3ibf.se\/index.php?rest_route=\/wp\/v2\/users\/1"}],"replies":[{"embeddable":true,"href":"https:\/\/xn--nskefrskolan-3ibf.se\/index.php?rest_route=%2Fwp%2Fv2%2Fcomments&post=5663"}],"version-history":[{"count":11,"href":"https:\/\/xn--nskefrskolan-3ibf.se\/index.php?rest_route=\/wp\/v2\/pages\/5663\/revisions"}],"predecessor-version":[{"id":6834,"href":"https:\/\/xn--nskefrskolan-3ibf.se\/index.php?rest_route=\/wp\/v2\/pages\/5663\/revisions\/6834"}],"wp:attachment":[{"href":"https:\/\/xn--nskefrskolan-3ibf.se\/index.php?rest_route=%2Fwp%2Fv2%2Fmedia&parent=5663"}],"curies":[{"name":"wp","href":"https:\/\/api.w.org\/{rel}","templated":true}]}}