{"id":5661,"date":"2015-11-10T08:46:06","date_gmt":"2015-11-10T08:46:06","guid":{"rendered":"http:\/\/xn--nskefrskolan-3ibf.se\/?page_id=5661"},"modified":"2021-03-12T08:26:59","modified_gmt":"2021-03-12T08:26:59","slug":"nar-du-borjar-hos-oss","status":"publish","type":"page","link":"https:\/\/xn--nskefrskolan-3ibf.se\/?page_id=5661","title":{"rendered":"Utflykter och \u00c4ventyr hos oss"},"content":{"rendered":"<p class=\"p2\"><span class=\"s1\">\u00d6nskef\u00f6rskolan \u00e4r en utflyktsf\u00f6rskola och \u00e4lskar \u00e4ventyr precis som barnen. Vi vill skapa omv\u00e4rldsorientering med fokus p\u00e5 kultur &amp; upplevelser, d\u00e4r vi upplever &amp; l\u00e4r av skogen, parker, museum, bibliotek och all annan kulturutbud som finns runt omkring oss. Vi har fantastiska gr\u00f6nomr\u00e5den och parker inom 5 minuters promenad avst\u00e5nd. Bland annat: Rosenlundsparken, Bang\u00e5rdsgatan, Fatbursparken, tanto-lunden, tanto-skogen, Zinkensdamms IP, Bryggart\u00e4ppan, museum och andra gr\u00f6nomr\u00e5den och 4H g\u00e5rdar inom Stockholm Stad. Vi dokumenterar v\u00e5ra utflykter och det finns information om vart vi \u00e4r och hur l\u00e4nge vi \u00e4r borta i v\u00e5r app TYRA.<\/span><\/p>\n<p class=\"p2\"><span class=\"s1\">Utevistelse sker minst 1 g\u00e5ng\/dag.<\/span><\/p>\n<p>N\u00e4r det \u00e4r dags f\u00f6r dig att b\u00f6rja p\u00e5 <strong>Raketerna<\/strong> (\u00c4ventyrare) som \u00e4r den grupp som g\u00f6r l\u00e4ngre \u00e4ventyr p\u00e5\u00a0\u00d6nskef\u00f6rskolan. D\u00e5 f\u00e5r alla kompisar hos oss ett ekologiskt och giftfritt utflykts kit!<\/p>\n<ul>\n<li><b>Ryggs\u00e4ck &#8211; <\/b>f\u00f6r vi \u00e4lskar \u00e4ventyr och utflykter s\u00e5 mycket att vi g\u00f6r det varje dag,\u00a0s\u00e5 att vi kan utforska sp\u00e4nnande saker och platser tillsammans. I din ryggs\u00e4ck kan du packa din vattenflaska, solkr\u00e4m, extra kl\u00e4der &#8211; Att b\u00e4ra sina saker sj\u00e4lv skapar sj\u00e4lvst\u00e4ndighet och sj\u00e4lvk\u00e4nsla och tillit till den egna f\u00f6rm\u00e5gan &#8211; Det kompetenta barnet.<\/li>\n<li><b>Vattenflaska &#8211;\u00a0<\/b>Det \u00e4r viktigt att fylla p\u00e5 med v\u00e4tska &#8211; genom en egen flaska l\u00e4r sig barnet att reglera och att fylla p\u00e5 vid behov.<\/li>\n<li><strong>Keps &#8211;\u00a0<\/strong>\u00a0f\u00e5r du f\u00f6r att vi \u00e4r r\u00e4dd om dig och vill skydda dig fr\u00e5n den starka solen<\/li>\n<\/ul>\n\n\n<p><\/p>\n","protected":false},"excerpt":{"rendered":"<p>\u00d6nskef\u00f6rskolan \u00e4r en utflyktsf\u00f6rskola och \u00e4lskar \u00e4ventyr precis som barnen. Vi vill skapa omv\u00e4rldsorientering med fokus p\u00e5 kultur &amp; upplevelser, d\u00e4r vi upplever &amp; l\u00e4r av skogen, parker, museum, bibliotek och all annan kulturutbud som finns runt omkring oss. Vi har fantastiska gr\u00f6nomr\u00e5den och parker inom 5 minuters promenad avst\u00e5nd. Bland annat: Rosenlundsparken, Bang\u00e5rdsgatan, Fatbursparken, [&hellip;]<\/p>\n","protected":false},"author":1,"featured_media":0,"parent":0,"menu_order":3,"comment_status":"closed","ping_status":"closed","template":"","meta":{"footnotes":""},"_links":{"self":[{"href":"https:\/\/xn--nskefrskolan-3ibf.se\/index.php?rest_route=\/wp\/v2\/pages\/5661"}],"collection":[{"href":"https:\/\/xn--nskefrskolan-3ibf.se\/index.php?rest_route=\/wp\/v2\/pages"}],"about":[{"href":"https:\/\/xn--nskefrskolan-3ibf.se\/index.php?rest_route=\/wp\/v2\/types\/page"}],"author":[{"embeddable":true,"href":"https:\/\/xn--nskefrskolan-3ibf.se\/index.php?rest_route=\/wp\/v2\/users\/1"}],"replies":[{"embeddable":true,"href":"https:\/\/xn--nskefrskolan-3ibf.se\/index.php?rest_route=%2Fwp%2Fv2%2Fcomments&post=5661"}],"version-history":[{"count":11,"href":"https:\/\/xn--nskefrskolan-3ibf.se\/index.php?rest_route=\/wp\/v2\/pages\/5661\/revisions"}],"predecessor-version":[{"id":6764,"href":"https:\/\/xn--nskefrskolan-3ibf.se\/index.php?rest_route=\/wp\/v2\/pages\/5661\/revisions\/6764"}],"wp:attachment":[{"href":"https:\/\/xn--nskefrskolan-3ibf.se\/index.php?rest_route=%2Fwp%2Fv2%2Fmedia&parent=5661"}],"curies":[{"name":"wp","href":"https:\/\/api.w.org\/{rel}","templated":true}]}}