{"id":5647,"date":"2015-11-10T08:43:51","date_gmt":"2015-11-10T08:43:51","guid":{"rendered":"http:\/\/xn--nskefrskolan-3ibf.se\/?page_id=5647"},"modified":"2019-06-07T12:49:40","modified_gmt":"2019-06-07T12:49:40","slug":"kontakt","status":"publish","type":"page","link":"https:\/\/xn--nskefrskolan-3ibf.se\/?page_id=5647","title":{"rendered":"Kontakt"},"content":{"rendered":"<h1 id=\"Forskolan-Fyra-Elementen\" class=\"avsnitt\">\u00d6nskef\u00f6rskolan<img decoding=\"async\" loading=\"lazy\" class=\"comic wp-image-5822 size-medium alignright\" src=\"https:\/\/media.xn--nskefrskolan-3ibf.se\/2015\/11\/apan_kontakt-300x286.png\" alt=\"apan_kontakt\" width=\"300\" height=\"286\" srcset=\"https:\/\/media.xn--nskefrskolan-3ibf.se\/2015\/11\/apan_kontakt-300x286.png 300w, https:\/\/media.xn--nskefrskolan-3ibf.se\/2015\/11\/apan_kontakt-624x595.png 624w, https:\/\/media.xn--nskefrskolan-3ibf.se\/2015\/11\/apan_kontakt.png 918w\" sizes=\"(max-width: 300px) 100vw, 300px\" \/><\/h1>\n<p class=\"left\">E-post:\u00a0<a class=\"extern\" href=\"mailto:info@onskeforskolan.se\">info@onskeforskolan.se<\/a><br \/>\n<em>eller\u00a0<\/em>Telefon: 08-52 00 59 \u00a060<\/p>\n<p><strong>Bes\u00f6ksadress<\/strong><\/p>\n<p class=\"left\">\u00d6nskef\u00f6rskolan AB<br \/>\nMagnus Ladul\u00e5sgatan 8,<br \/>\n118 66,\u00a0Stockholm<\/p>\n<p><iframe loading=\"lazy\" style=\"border: 0;\" src=\"https:\/\/www.google.com\/maps\/embed?pb=!1m18!1m12!1m3!1d2036.2912543803945!2d18.057374016079102!3d59.31139338165261!2m3!1f0!2f0!3f0!3m2!1i1024!2i768!4f13.1!3m3!1m2!1s0x465f77eef2a4dc7f%3A0x8c6164d895711e1f!2sMagnus+Ladul%C3%A5sgatan+8%2C+118+66+Stockholm!5e0!3m2!1ssv!2sse!4v1447316619945\" width=\"600\" height=\"450\" frameborder=\"0\" allowfullscreen=\"allowfullscreen\"><\/iframe><\/p>\n","protected":false},"excerpt":{"rendered":"<p>\u00d6nskef\u00f6rskolan E-post:\u00a0info@onskeforskolan.se eller\u00a0Telefon: 08-52 00 59 \u00a060 Bes\u00f6ksadress \u00d6nskef\u00f6rskolan AB Magnus Ladul\u00e5sgatan 8, 118 66,\u00a0Stockholm<\/p>\n","protected":false},"author":1,"featured_media":0,"parent":0,"menu_order":6,"comment_status":"closed","ping_status":"closed","template":"","meta":{"footnotes":""},"_links":{"self":[{"href":"https:\/\/xn--nskefrskolan-3ibf.se\/index.php?rest_route=\/wp\/v2\/pages\/5647"}],"collection":[{"href":"https:\/\/xn--nskefrskolan-3ibf.se\/index.php?rest_route=\/wp\/v2\/pages"}],"about":[{"href":"https:\/\/xn--nskefrskolan-3ibf.se\/index.php?rest_route=\/wp\/v2\/types\/page"}],"author":[{"embeddable":true,"href":"https:\/\/xn--nskefrskolan-3ibf.se\/index.php?rest_route=\/wp\/v2\/users\/1"}],"replies":[{"embeddable":true,"href":"https:\/\/xn--nskefrskolan-3ibf.se\/index.php?rest_route=%2Fwp%2Fv2%2Fcomments&post=5647"}],"version-history":[{"count":16,"href":"https:\/\/xn--nskefrskolan-3ibf.se\/index.php?rest_route=\/wp\/v2\/pages\/5647\/revisions"}],"predecessor-version":[{"id":6508,"href":"https:\/\/xn--nskefrskolan-3ibf.se\/index.php?rest_route=\/wp\/v2\/pages\/5647\/revisions\/6508"}],"wp:attachment":[{"href":"https:\/\/xn--nskefrskolan-3ibf.se\/index.php?rest_route=%2Fwp%2Fv2%2Fmedia&parent=5647"}],"curies":[{"name":"wp","href":"https:\/\/api.w.org\/{rel}","templated":true}]}}